{"id":4320,"date":"2024-07-29T15:57:37","date_gmt":"2024-07-29T13:57:37","guid":{"rendered":"https:\/\/relaunch.styleinc.eu\/vores-vaerker\/"},"modified":"2025-11-28T15:06:38","modified_gmt":"2025-11-28T14:06:38","slug":"vores-vaerker","status":"publish","type":"page","link":"https:\/\/divi5.styleinc.eu\/da\/vores-vaerker\/","title":{"rendered":"Vores arbejde"},"content":{"rendered":"<div class=\"et_d4_element et_pb_section et_pb_section_0 hero-section  et_pb_css_mix_blend_mode et_section_regular et_block_section\" >\n\t\t\t\t\n\t\t\t\t\n\t\t\t\t\n\t\t\t\t\n\t\t\t\t\n\t\t\t\t\n\t\t\t\t<div class=\"et_pb_with_border et_d4_element et_pb_row et_pb_row_0 et_pb_equal_columns et_pb_gutters1  et_pb_css_mix_blend_mode et_block_row\">\n\t\t\t\t<div class=\"et_d4_element et_pb_column_4_4 et_pb_column et_pb_column_0  et_pb_css_mix_blend_mode et-last-child et_block_column\">\n\t\t\t\t\n\t\t\t\t\n\t\t\t\t\n\t\t\t\t\n\t\t\t\t<div class=\"et_pb_module et_d4_element et_pb_text et_pb_text_0 h1 et_animated  et_pb_text_align_left et_pb_bg_layout_light\">\n\t\t\t\t\n\t\t\t\t\n\t\t\t\t\n\t\t\t\t\n\t\t\t\t<div class=\"et_pb_text_inner\"><h1>Flagskibsprojekt for toppr\u00e6stationer<\/h1><\/div>\n\t\t\t<\/div><div class=\"et_pb_module et_d4_element et_pb_text et_pb_text_1 h5 et_animated  et_pb_text_align_left et_pb_text_align_center-tablet et_pb_bg_layout_light\">\n\t\t\t\t\n\t\t\t\t\n\t\t\t\t\n\t\t\t\t\n\t\t\t\t<div class=\"et_pb_text_inner\"><h2>Oplev vores portef\u00f8lje af innovative digitale l\u00f8sninger, der viser vores kreativitet og ekspertise i at opn\u00e5 enest\u00e5ende resultater.<\/h2><\/div>\n\t\t\t<\/div>\n\t\t\t<\/div>\n\t\t\t\t\n\t\t\t\t\n\t\t\t\t\n\t\t\t\t\n\t\t\t<\/div><div class=\"et_pb_with_border et_d4_element et_pb_row et_pb_row_1 project-filter-row  et_pb_css_mix_blend_mode et_block_row\">\n\t\t\t\t<div class=\"et_d4_element et_pb_column_4_4 et_pb_column et_pb_column_1  et_pb_css_mix_blend_mode et-last-child et_block_column\">\n\t\t\t\t\n\t\t\t\t\n\t\t\t\t\n\t\t\t\t\n\t\t\t\t<div class=\"et_pb_with_border et_pb_module et_d4_element et_pb_code et_pb_code_0 project-filter\">\n\t\t\t\t\n\t\t\t\t\n\t\t\t\t\n\t\t\t\t\n\t\t\t\t<div class=\"et_pb_code_inner\"><p>Filter by:<\/p><ul class=\"project-categories-list\"><li><a href=\"\/our-works\" class=\"active\"><span class=\"cat-btn-wrap\"><span class=\"btn-text-normal\">All<\/span><span class=\"btn-text-hover\">All<\/span><\/a><\/li><li><a href=\"https:\/\/divi5.styleinc.eu\/da\/project_category\/branding\/\"><span class=\"cat-btn-wrap\"><span class=\"btn-text-normal\">Branding<\/span><span class=\"btn-text-hover\">Branding<\/span><\/a><\/li><li><a href=\"https:\/\/divi5.styleinc.eu\/da\/project_category\/e-handel\/\"><span class=\"cat-btn-wrap\"><span class=\"btn-text-normal\">E-handel<\/span><span class=\"btn-text-hover\">E-handel<\/span><\/a><\/li><li><a href=\"https:\/\/divi5.styleinc.eu\/da\/project_category\/print\/\"><span class=\"cat-btn-wrap\"><span class=\"btn-text-normal\">Print<\/span><span class=\"btn-text-hover\">Print<\/span><\/a><\/li><li><a href=\"https:\/\/divi5.styleinc.eu\/da\/project_category\/protoyping-ux-ui\/\"><span class=\"cat-btn-wrap\"><span class=\"btn-text-normal\">Protoyping \/ UX UI<\/span><span class=\"btn-text-hover\">Protoyping \/ UX UI<\/span><\/a><\/li><li><a href=\"https:\/\/divi5.styleinc.eu\/da\/project_category\/web\/\"><span class=\"cat-btn-wrap\"><span class=\"btn-text-normal\">Web<\/span><span class=\"btn-text-hover\">Web<\/span><\/a><\/li><\/ul><\/div>\n\t\t\t<\/div><div class=\"et_pb_module et_d4_element et_pb_code et_pb_code_1\">\n\t\t\t\t\n\t\t\t\t\n\t\t\t\t\n\t\t\t\t\n\t\t\t\t<div class=\"et_pb_code_inner\"><ul class=\"project-list\"><li style=\"background-image: url(https:\/\/divi5.styleinc.eu\/wp-content\/uploads\/2024\/08\/project-pro-tecs.jpg);\" class=\"has-detail\"><div class=\"post-cat-wrap\"><a href=\"https:\/\/divi5.styleinc.eu\/da\/project_category\/web\/\">Web<\/a><\/div><div class=\"headingscroll\"><div class=\"headingscoll--item\"><div class=\"marquee\"><div class=\"marquee__inner\"><h3>Pro-Tecs<\/h3><h3>Pro-Tecs<\/h3><h3>Pro-Tecs<\/h3><h3>Pro-Tecs<\/h3><h3>Pro-Tecs<\/h3><h3>Pro-Tecs<\/h3><h3>Pro-Tecs<\/h3><\/div><\/div><\/div><\/div><a href=\"https:\/\/pro-tecs.de\/\" target=\"_blank\" class=\"project-url\" area-label=\"Project website link\" rel=\"nofollow noopener\">Go to Website<\/a><\/li><li style=\"background-image: url(https:\/\/divi5.styleinc.eu\/wp-content\/uploads\/2024\/07\/project-surfpirates.jpg);\" class=\"has-detail\"><div class=\"post-cat-wrap\"><a href=\"https:\/\/divi5.styleinc.eu\/da\/project_category\/branding\/\">Branding<\/a><a href=\"https:\/\/divi5.styleinc.eu\/da\/project_category\/e-handel\/\">E-handel<\/a><\/div><div class=\"headingscroll\"><div class=\"headingscoll--item\"><div class=\"marquee\"><div class=\"marquee__inner\"><h3>Surfpirater<\/h3><h3>Surfpirater<\/h3><h3>Surfpirater<\/h3><h3>Surfpirater<\/h3><h3>Surfpirater<\/h3><h3>Surfpirater<\/h3><h3>Surfpirater<\/h3><\/div><\/div><\/div><\/div><a href=\"https:\/\/www.surfpirates.de\/\" target=\"_blank\" class=\"project-url\" area-label=\"Project website link\" rel=\"nofollow noopener\">Go to Website<\/a><\/li><li style=\"background-image: url(https:\/\/divi5.styleinc.eu\/wp-content\/uploads\/2025\/09\/project-piet-im-fischmarkt-1.jpg);\" class=\"has-detail\"><div class=\"post-cat-wrap\"><a href=\"https:\/\/divi5.styleinc.eu\/da\/project_category\/web\/\">Web<\/a><\/div><div class=\"headingscroll\"><div class=\"headingscoll--item\"><div class=\"marquee\"><div class=\"marquee__inner\"><h3>Piet p\u00e5 fiskemarkedet<\/h3><h3>Piet p\u00e5 fiskemarkedet<\/h3><h3>Piet p\u00e5 fiskemarkedet<\/h3><h3>Piet p\u00e5 fiskemarkedet<\/h3><h3>Piet p\u00e5 fiskemarkedet<\/h3><h3>Piet p\u00e5 fiskemarkedet<\/h3><h3>Piet p\u00e5 fiskemarkedet<\/h3><\/div><\/div><\/div><\/div><a href=\"https:\/\/piet-im-fischmarkt.de\/\" target=\"_blank\" class=\"project-url\" area-label=\"Project website link\" rel=\"nofollow noopener\">Go to Website<\/a><\/li><li style=\"background-image: url(https:\/\/divi5.styleinc.eu\/wp-content\/uploads\/2025\/09\/project-inngong-1.jpg);\" class=\"has-detail\"><div class=\"post-cat-wrap\"><a href=\"https:\/\/divi5.styleinc.eu\/da\/project_category\/web\/\">Web<\/a><\/div><div class=\"headingscroll\"><div class=\"headingscoll--item\"><div class=\"marquee\"><div class=\"marquee__inner\"><h3>Inn Gong<\/h3><h3>Inn Gong<\/h3><h3>Inn Gong<\/h3><h3>Inn Gong<\/h3><h3>Inn Gong<\/h3><h3>Inn Gong<\/h3><h3>Inn Gong<\/h3><\/div><\/div><\/div><\/div><a href=\"https:\/\/inngong.de\/\" target=\"_blank\" class=\"project-url\" area-label=\"Project website link\" rel=\"nofollow noopener\">Go to Website<\/a><\/li><li style=\"background-image: url(https:\/\/divi5.styleinc.eu\/wp-content\/uploads\/2024\/07\/project-weinhundert-1.jpg);\" class=\"has-detail\"><div class=\"post-cat-wrap\"><a href=\"https:\/\/divi5.styleinc.eu\/da\/project_category\/print\/\">Print<\/a><a href=\"https:\/\/divi5.styleinc.eu\/da\/project_category\/web\/\">Web<\/a><\/div><div class=\"headingscroll\"><div class=\"headingscoll--item\"><div class=\"marquee\"><div class=\"marquee__inner\"><h3>Vin hundrede<\/h3><h3>Vin hundrede<\/h3><h3>Vin hundrede<\/h3><h3>Vin hundrede<\/h3><h3>Vin hundrede<\/h3><h3>Vin hundrede<\/h3><h3>Vin hundrede<\/h3><\/div><\/div><\/div><\/div><a href=\"https:\/\/weinhundert.com\/\" target=\"_blank\" class=\"project-url\" area-label=\"Project website link\" rel=\"nofollow noopener\">Go to Website<\/a><\/li><li style=\"background-image: url(https:\/\/divi5.styleinc.eu\/wp-content\/uploads\/2024\/07\/project-alps.jpg);\" class=\"has-detail\"><div class=\"post-cat-wrap\"><a href=\"https:\/\/divi5.styleinc.eu\/da\/project_category\/web\/\">Web<\/a><\/div><div class=\"headingscroll\"><div class=\"headingscoll--item\"><div class=\"marquee\"><div class=\"marquee__inner\"><h3>ALPS<\/h3><h3>ALPS<\/h3><h3>ALPS<\/h3><h3>ALPS<\/h3><h3>ALPS<\/h3><h3>ALPS<\/h3><h3>ALPS<\/h3><\/div><\/div><\/div><\/div><a href=\"https:\/\/limbpreservationsociety.org\/\" target=\"_blank\" class=\"project-url\" area-label=\"Project website link\" rel=\"nofollow noopener\">Go to Website<\/a><\/li><li style=\"background-image: url(https:\/\/divi5.styleinc.eu\/wp-content\/uploads\/2024\/08\/project-hubsch2.jpg);\" class=\"has-detail\"><div class=\"post-cat-wrap\"><a href=\"https:\/\/divi5.styleinc.eu\/da\/project_category\/branding\/\">Branding<\/a><a href=\"https:\/\/divi5.styleinc.eu\/da\/project_category\/web\/\">Web<\/a><\/div><div class=\"headingscroll\"><div class=\"headingscoll--item\"><div class=\"marquee\"><div class=\"marquee__inner\"><h3>Huebsch<\/h3><h3>Huebsch<\/h3><h3>Huebsch<\/h3><h3>Huebsch<\/h3><h3>Huebsch<\/h3><h3>Huebsch<\/h3><h3>Huebsch<\/h3><\/div><\/div><\/div><\/div><a href=\"https:\/\/www.muerwiker-baumschulen.de\/\" target=\"_blank\" class=\"project-url\" area-label=\"Project website link\" rel=\"nofollow noopener\">Go to Website<\/a><\/li><li style=\"background-image: url(https:\/\/divi5.styleinc.eu\/wp-content\/uploads\/2024\/07\/project-epiladerma-1.jpg);\" class=\"has-detail\"><div class=\"post-cat-wrap\"><a href=\"https:\/\/divi5.styleinc.eu\/da\/project_category\/branding\/\">Branding<\/a><a href=\"https:\/\/divi5.styleinc.eu\/da\/project_category\/print\/\">Print<\/a><a href=\"https:\/\/divi5.styleinc.eu\/da\/project_category\/web\/\">Web<\/a><\/div><div class=\"headingscroll\"><div class=\"headingscoll--item\"><div class=\"marquee\"><div class=\"marquee__inner\"><h3>epilaDerma<\/h3><h3>epilaDerma<\/h3><h3>epilaDerma<\/h3><h3>epilaDerma<\/h3><h3>epilaDerma<\/h3><h3>epilaDerma<\/h3><h3>epilaDerma<\/h3><\/div><\/div><\/div><\/div><a href=\"https:\/\/www.epiladerma.de\/\" target=\"_blank\" class=\"project-url\" area-label=\"Project website link\" rel=\"nofollow noopener\">Go to Website<\/a><\/li><li style=\"background-image: url(https:\/\/divi5.styleinc.eu\/wp-content\/uploads\/2024\/07\/project-bos-antenna.jpg);\" class=\"has-detail\"><div class=\"post-cat-wrap\"><a href=\"https:\/\/divi5.styleinc.eu\/da\/project_category\/web\/\">Web<\/a><\/div><div class=\"headingscroll\"><div class=\"headingscoll--item\"><div class=\"marquee\"><div class=\"marquee__inner\"><h3>Amphenol Procom Tyskland<\/h3><h3>Amphenol Procom Tyskland<\/h3><h3>Amphenol Procom Tyskland<\/h3><h3>Amphenol Procom Tyskland<\/h3><h3>Amphenol Procom Tyskland<\/h3><h3>Amphenol Procom Tyskland<\/h3><h3>Amphenol Procom Tyskland<\/h3><\/div><\/div><\/div><\/div><a href=\"https:\/\/bos-antennen.de\/\" target=\"_blank\" class=\"project-url\" area-label=\"Project website link\" rel=\"nofollow noopener\">Go to Website<\/a><\/li><li style=\"background-image: url(https:\/\/divi5.styleinc.eu\/wp-content\/uploads\/2024\/08\/project-ekaterinadehde.jpg);\" class=\"has-detail\"><div class=\"post-cat-wrap\"><a href=\"https:\/\/divi5.styleinc.eu\/da\/project_category\/web\/\">Web<\/a><\/div><div class=\"headingscroll\"><div class=\"headingscoll--item\"><div class=\"marquee\"><div class=\"marquee__inner\"><h3>Ekaterina Dehde<\/h3><h3>Ekaterina Dehde<\/h3><h3>Ekaterina Dehde<\/h3><h3>Ekaterina Dehde<\/h3><h3>Ekaterina Dehde<\/h3><h3>Ekaterina Dehde<\/h3><h3>Ekaterina Dehde<\/h3><\/div><\/div><\/div><\/div><a href=\"https:\/\/ekaterinadehde.com\/\" target=\"_blank\" class=\"project-url\" area-label=\"Project website link\" rel=\"nofollow noopener\">Go to Website<\/a><\/li><li style=\"background-image: url(https:\/\/divi5.styleinc.eu\/wp-content\/uploads\/2024\/08\/project-artabend.jpg);\" class=\"has-detail\"><div class=\"post-cat-wrap\"><a href=\"https:\/\/divi5.styleinc.eu\/da\/project_category\/web\/\">Web<\/a><\/div><div class=\"headingscroll\"><div class=\"headingscoll--item\"><div class=\"marquee\"><div class=\"marquee__inner\"><h3>KunstAften<\/h3><h3>KunstAften<\/h3><h3>KunstAften<\/h3><h3>KunstAften<\/h3><h3>KunstAften<\/h3><h3>KunstAften<\/h3><h3>KunstAften<\/h3><\/div><\/div><\/div><\/div><a href=\"https:\/\/artabend.de\/\" target=\"_blank\" class=\"project-url\" area-label=\"Project website link\" rel=\"nofollow noopener\">Go to Website<\/a><\/li><li style=\"background-image: url(https:\/\/divi5.styleinc.eu\/wp-content\/uploads\/2024\/08\/project-katya-kraus.jpg);\" class=\"has-detail\"><div class=\"post-cat-wrap\"><a href=\"https:\/\/divi5.styleinc.eu\/da\/project_category\/web\/\">Web<\/a><\/div><div class=\"headingscroll\"><div class=\"headingscoll--item\"><div class=\"marquee\"><div class=\"marquee__inner\"><h3>Katya Kraus<\/h3><h3>Katya Kraus<\/h3><h3>Katya Kraus<\/h3><h3>Katya Kraus<\/h3><h3>Katya Kraus<\/h3><h3>Katya Kraus<\/h3><h3>Katya Kraus<\/h3><\/div><\/div><\/div><\/div><a href=\"http:\/\/katyakraus.com\/\" target=\"_blank\" class=\"project-url\" area-label=\"Project website link\" rel=\"nofollow noopener\">Go to Website<\/a><\/li><li style=\"background-image: url(https:\/\/divi5.styleinc.eu\/wp-content\/uploads\/2024\/07\/project-cap-partner.jpg);\" class=\"has-detail\"><div class=\"post-cat-wrap\"><a href=\"https:\/\/divi5.styleinc.eu\/da\/project_category\/web\/\">Web<\/a><\/div><div class=\"headingscroll\"><div class=\"headingscoll--item\"><div class=\"marquee\"><div class=\"marquee__inner\"><h3>CAP-partner<\/h3><h3>CAP-partner<\/h3><h3>CAP-partner<\/h3><h3>CAP-partner<\/h3><h3>CAP-partner<\/h3><h3>CAP-partner<\/h3><h3>CAP-partner<\/h3><\/div><\/div><\/div><\/div><a href=\"https:\/\/cap-partner.eu\/\" target=\"_blank\" class=\"project-url\" area-label=\"Project website link\" rel=\"nofollow noopener\">Go to Website<\/a><\/li><li style=\"background-image: url(https:\/\/divi5.styleinc.eu\/wp-content\/uploads\/2024\/07\/project-eliah-sahil.jpg);\" class=\"has-detail\"><div class=\"post-cat-wrap\"><a href=\"https:\/\/divi5.styleinc.eu\/da\/project_category\/e-handel\/\">E-handel<\/a><\/div><div class=\"headingscroll\"><div class=\"headingscoll--item\"><div class=\"marquee\"><div class=\"marquee__inner\"><h3>Eliah Sahil<\/h3><h3>Eliah Sahil<\/h3><h3>Eliah Sahil<\/h3><h3>Eliah Sahil<\/h3><h3>Eliah Sahil<\/h3><h3>Eliah Sahil<\/h3><h3>Eliah Sahil<\/h3><\/div><\/div><\/div><\/div><a href=\"https:\/\/eliah-sahil.com\/\" target=\"_blank\" class=\"project-url\" area-label=\"Project website link\" rel=\"nofollow noopener\">Go to Website<\/a><\/li><li style=\"background-image: url(https:\/\/divi5.styleinc.eu\/wp-content\/uploads\/2024\/07\/project-farben-soerensen.jpg);\" class=\"has-detail\"><div class=\"post-cat-wrap\"><a href=\"https:\/\/divi5.styleinc.eu\/da\/project_category\/web\/\">Web<\/a><\/div><div class=\"headingscroll\"><div class=\"headingscoll--item\"><div class=\"marquee\"><div class=\"marquee__inner\"><h3>Farver S\u00f6rensen<\/h3><h3>Farver S\u00f6rensen<\/h3><h3>Farver S\u00f6rensen<\/h3><h3>Farver S\u00f6rensen<\/h3><h3>Farver S\u00f6rensen<\/h3><h3>Farver S\u00f6rensen<\/h3><h3>Farver S\u00f6rensen<\/h3><\/div><\/div><\/div><\/div><a href=\"https:\/\/farben-soerensen.de\/\" target=\"_blank\" class=\"project-url\" area-label=\"Project website link\" rel=\"nofollow noopener\">Go to Website<\/a><\/li><li style=\"background-image: url(https:\/\/divi5.styleinc.eu\/wp-content\/uploads\/2024\/08\/project-ap-stock.jpg);\" class=\"has-detail\"><div class=\"post-cat-wrap\"><a href=\"https:\/\/divi5.styleinc.eu\/da\/project_category\/web\/\">Web<\/a><\/div><div class=\"headingscroll\"><div class=\"headingscoll--item\"><div class=\"marquee\"><div class=\"marquee__inner\"><h3>AP-lager<\/h3><h3>AP-lager<\/h3><h3>AP-lager<\/h3><h3>AP-lager<\/h3><h3>AP-lager<\/h3><h3>AP-lager<\/h3><h3>AP-lager<\/h3><\/div><\/div><\/div><\/div><a href=\"https:\/\/ap-stock.com\/\" target=\"_blank\" class=\"project-url\" area-label=\"Project website link\" rel=\"nofollow noopener\">Go to Website<\/a><\/li><li style=\"background-image: url(https:\/\/divi5.styleinc.eu\/wp-content\/uploads\/2024\/07\/project-dfcon.jpg);\" class=\"has-detail\"><div class=\"post-cat-wrap\"><a href=\"https:\/\/divi5.styleinc.eu\/da\/project_category\/web\/\">Web<\/a><\/div><div class=\"headingscroll\"><div class=\"headingscoll--item\"><div class=\"marquee\"><div class=\"marquee__inner\"><h3>DFCon<\/h3><h3>DFCon<\/h3><h3>DFCon<\/h3><h3>DFCon<\/h3><h3>DFCon<\/h3><h3>DFCon<\/h3><h3>DFCon<\/h3><\/div><\/div><\/div><\/div><a href=\"https:\/\/limbpreservationsociety.org\/dfcon\/\" target=\"_blank\" class=\"project-url\" area-label=\"Project website link\" rel=\"nofollow noopener\">Go to Website<\/a><\/li><li style=\"background-image: url(https:\/\/divi5.styleinc.eu\/wp-content\/uploads\/2024\/08\/project-kl-creative.jpg);\" class=\"has-detail\"><div class=\"post-cat-wrap\"><a href=\"https:\/\/divi5.styleinc.eu\/da\/project_category\/web\/\">Web<\/a><\/div><div class=\"headingscroll\"><div class=\"headingscoll--item\"><div class=\"marquee\"><div class=\"marquee__inner\"><h3>KL Creative<\/h3><h3>KL Creative<\/h3><h3>KL Creative<\/h3><h3>KL Creative<\/h3><h3>KL Creative<\/h3><h3>KL Creative<\/h3><h3>KL Creative<\/h3><\/div><\/div><\/div><\/div><a href=\"https:\/\/kl-creative.com\/\" target=\"_blank\" class=\"project-url\" area-label=\"Project website link\" rel=\"nofollow noopener\">Go to Website<\/a><\/li><li style=\"background-image: url(https:\/\/divi5.styleinc.eu\/wp-content\/uploads\/2024\/07\/project-dock5.jpg);\" class=\"has-detail\"><div class=\"post-cat-wrap\"><a href=\"https:\/\/divi5.styleinc.eu\/da\/project_category\/web\/\">Web<\/a><\/div><div class=\"headingscroll\"><div class=\"headingscoll--item\"><div class=\"marquee\"><div class=\"marquee__inner\"><h3>Dock5<\/h3><h3>Dock5<\/h3><h3>Dock5<\/h3><h3>Dock5<\/h3><h3>Dock5<\/h3><h3>Dock5<\/h3><h3>Dock5<\/h3><\/div><\/div><\/div><\/div><a href=\"https:\/\/dock5.eu\/\" target=\"_blank\" class=\"project-url\" area-label=\"Project website link\" rel=\"nofollow noopener\">Go to Website<\/a><\/li><li style=\"background-image: url(https:\/\/divi5.styleinc.eu\/wp-content\/uploads\/2024\/08\/project-pier-54.jpg);\" class=\"has-detail\"><div class=\"post-cat-wrap\"><a href=\"https:\/\/divi5.styleinc.eu\/da\/project_category\/web\/\">Web<\/a><\/div><div class=\"headingscroll\"><div class=\"headingscoll--item\"><div class=\"marquee\"><div class=\"marquee__inner\"><h3>Pier 54<\/h3><h3>Pier 54<\/h3><h3>Pier 54<\/h3><h3>Pier 54<\/h3><h3>Pier 54<\/h3><h3>Pier 54<\/h3><h3>Pier 54<\/h3><\/div><\/div><\/div><\/div><a href=\"https:\/\/pier-54.de\/\" target=\"_blank\" class=\"project-url\" area-label=\"Project website link\" rel=\"nofollow noopener\">Go to Website<\/a><\/li><li style=\"background-image: url(https:\/\/divi5.styleinc.eu\/wp-content\/uploads\/2024\/07\/project-tpesport-1.jpg);\" class=\"has-detail\"><div class=\"post-cat-wrap\"><a href=\"https:\/\/divi5.styleinc.eu\/da\/project_category\/e-handel\/\">E-handel<\/a><\/div><div class=\"headingscroll\"><div class=\"headingscoll--item\"><div class=\"marquee\"><div class=\"marquee__inner\"><h3>TPE Sport<\/h3><h3>TPE Sport<\/h3><h3>TPE Sport<\/h3><h3>TPE Sport<\/h3><h3>TPE Sport<\/h3><h3>TPE Sport<\/h3><h3>TPE Sport<\/h3><\/div><\/div><\/div><\/div><a href=\"https:\/\/tpesport.eu\/\" target=\"_blank\" class=\"project-url\" area-label=\"Project website link\" rel=\"nofollow noopener\">Go to Website<\/a><\/li><li style=\"background-image: url(https:\/\/divi5.styleinc.eu\/wp-content\/uploads\/2024\/07\/project-weindiskont.jpg);\" class=\"has-detail\"><div class=\"post-cat-wrap\"><a href=\"https:\/\/divi5.styleinc.eu\/da\/project_category\/e-handel\/\">E-handel<\/a><\/div><div class=\"headingscroll\"><div class=\"headingscoll--item\"><div class=\"marquee\"><div class=\"marquee__inner\"><h3>Rabat p\u00e5 vin<\/h3><h3>Rabat p\u00e5 vin<\/h3><h3>Rabat p\u00e5 vin<\/h3><h3>Rabat p\u00e5 vin<\/h3><h3>Rabat p\u00e5 vin<\/h3><h3>Rabat p\u00e5 vin<\/h3><h3>Rabat p\u00e5 vin<\/h3><\/div><\/div><\/div><\/div><a href=\"https:\/\/weindiskont.de\/\" target=\"_blank\" class=\"project-url\" area-label=\"Project website link\" rel=\"nofollow noopener\">Go to Website<\/a><\/li><li style=\"background-image: url(https:\/\/divi5.styleinc.eu\/wp-content\/uploads\/2024\/07\/project-henriks-hus.jpg);\" class=\"has-detail\"><div class=\"post-cat-wrap\"><a href=\"https:\/\/divi5.styleinc.eu\/da\/project_category\/print\/\">Print<\/a><a href=\"https:\/\/divi5.styleinc.eu\/da\/project_category\/web\/\">Web<\/a><\/div><div class=\"headingscroll\"><div class=\"headingscoll--item\"><div class=\"marquee\"><div class=\"marquee__inner\"><h3>Henriks hus<\/h3><h3>Henriks hus<\/h3><h3>Henriks hus<\/h3><h3>Henriks hus<\/h3><h3>Henriks hus<\/h3><h3>Henriks hus<\/h3><h3>Henriks hus<\/h3><\/div><\/div><\/div><\/div><a href=\"https:\/\/henriks-hus.de\/\" target=\"_blank\" class=\"project-url\" area-label=\"Project website link\" rel=\"nofollow noopener\">Go to Website<\/a><\/li><li style=\"background-image: url(https:\/\/divi5.styleinc.eu\/wp-content\/uploads\/2024\/07\/project-dima-haustechnik.jpg);\" class=\"has-detail\"><div class=\"post-cat-wrap\"><a href=\"https:\/\/divi5.styleinc.eu\/da\/project_category\/web\/\">Web<\/a><\/div><div class=\"headingscroll\"><div class=\"headingscoll--item\"><div class=\"marquee\"><div class=\"marquee__inner\"><h3>DIMA Bygningsservice<\/h3><h3>DIMA Bygningsservice<\/h3><h3>DIMA Bygningsservice<\/h3><h3>DIMA Bygningsservice<\/h3><h3>DIMA Bygningsservice<\/h3><h3>DIMA Bygningsservice<\/h3><h3>DIMA Bygningsservice<\/h3><\/div><\/div><\/div><\/div><a href=\"https:\/\/dima-haustechnik.de\/\" target=\"_blank\" class=\"project-url\" area-label=\"Project website link\" rel=\"nofollow noopener\">Go to Website<\/a><\/li><li style=\"background-image: url(https:\/\/divi5.styleinc.eu\/wp-content\/uploads\/2024\/08\/project-flensfitness.jpg);\" class=\"has-detail\"><div class=\"post-cat-wrap\"><a href=\"https:\/\/divi5.styleinc.eu\/da\/project_category\/web\/\">Web<\/a><\/div><div class=\"headingscroll\"><div class=\"headingscoll--item\"><div class=\"marquee\"><div class=\"marquee__inner\"><h3>Flensfitness<\/h3><h3>Flensfitness<\/h3><h3>Flensfitness<\/h3><h3>Flensfitness<\/h3><h3>Flensfitness<\/h3><h3>Flensfitness<\/h3><h3>Flensfitness<\/h3><\/div><\/div><\/div><\/div><a href=\"https:\/\/flensfitness.com\/\" target=\"_blank\" class=\"project-url\" area-label=\"Project website link\" rel=\"nofollow noopener\">Go to Website<\/a><\/li><li style=\"background-image: url(https:\/\/divi5.styleinc.eu\/wp-content\/uploads\/2024\/08\/project-joroba.jpg);\" class=\"has-detail\"><div class=\"post-cat-wrap\"><a href=\"https:\/\/divi5.styleinc.eu\/da\/project_category\/web\/\">Web<\/a><\/div><div class=\"headingscroll\"><div class=\"headingscoll--item\"><div class=\"marquee\"><div class=\"marquee__inner\"><h3>Joroba<\/h3><h3>Joroba<\/h3><h3>Joroba<\/h3><h3>Joroba<\/h3><h3>Joroba<\/h3><h3>Joroba<\/h3><h3>Joroba<\/h3><\/div><\/div><\/div><\/div><a href=\"https:\/\/joroba.de\/\" target=\"_blank\" class=\"project-url\" area-label=\"Project website link\" rel=\"nofollow noopener\">Go to Website<\/a><\/li><li style=\"background-image: url(https:\/\/divi5.styleinc.eu\/wp-content\/uploads\/2024\/07\/project-objektservice-nord.jpg);\" class=\"has-detail\"><div class=\"post-cat-wrap\"><a href=\"https:\/\/divi5.styleinc.eu\/da\/project_category\/web\/\">Web<\/a><\/div><div class=\"headingscroll\"><div class=\"headingscoll--item\"><div class=\"marquee\"><div class=\"marquee__inner\"><h3>Ejendomsservice Nord<\/h3><h3>Ejendomsservice Nord<\/h3><h3>Ejendomsservice Nord<\/h3><h3>Ejendomsservice Nord<\/h3><h3>Ejendomsservice Nord<\/h3><h3>Ejendomsservice Nord<\/h3><h3>Ejendomsservice Nord<\/h3><\/div><\/div><\/div><\/div><a href=\"https:\/\/objektservice-nord.de\/\" target=\"_blank\" class=\"project-url\" area-label=\"Project website link\" rel=\"nofollow noopener\">Go to Website<\/a><\/li><li style=\"background-image: url(https:\/\/divi5.styleinc.eu\/wp-content\/uploads\/2024\/07\/project-spices-of-dansborg.jpg);\" class=\"no-detail\"><div class=\"post-cat-wrap\"><a href=\"https:\/\/divi5.styleinc.eu\/da\/project_category\/branding\/\">Branding<\/a><\/div><div class=\"headingscroll\"><div class=\"headingscoll--item\"><div class=\"marquee\"><div class=\"marquee__inner\"><h3>Dansborgs krydderier<\/h3><h3>Dansborgs krydderier<\/h3><h3>Dansborgs krydderier<\/h3><h3>Dansborgs krydderier<\/h3><h3>Dansborgs krydderier<\/h3><h3>Dansborgs krydderier<\/h3><h3>Dansborgs krydderier<\/h3><\/div><\/div><\/div><\/div><a href=\"\" target=\"_blank\" class=\"project-url\" area-label=\"Project website link\">Go to Website<\/a><\/li><li style=\"background-image: url(https:\/\/divi5.styleinc.eu\/wp-content\/uploads\/2024\/07\/project-trackbook-app.jpg);\" class=\"no-detail\"><div class=\"post-cat-wrap\"><a href=\"https:\/\/divi5.styleinc.eu\/da\/project_category\/protoyping-ux-ui\/\">Protoyping \/ UX UI<\/a><\/div><div class=\"headingscroll\"><div class=\"headingscoll--item\"><div class=\"marquee\"><div class=\"marquee__inner\"><h3>Trackbook-app &#8211; Experience.de<\/h3><h3>Trackbook-app &#8211; Experience.de<\/h3><h3>Trackbook-app &#8211; Experience.de<\/h3><h3>Trackbook-app &#8211; Experience.de<\/h3><h3>Trackbook-app &#8211; Experience.de<\/h3><h3>Trackbook-app &#8211; Experience.de<\/h3><h3>Trackbook-app &#8211; Experience.de<\/h3><\/div><\/div><\/div><\/div><a href=\"\" target=\"_blank\" class=\"project-url\" area-label=\"Project website link\">Go to Website<\/a><\/li><\/ul><\/div>\n\t\t\t<\/div>\n\t\t\t<\/div>\n\t\t\t\t\n\t\t\t\t\n\t\t\t\t\n\t\t\t\t\n\t\t\t<\/div>\n\t\t\t\t\n\t\t\t\t\n\t\t\t<\/div>\n","protected":false},"excerpt":{"rendered":"","protected":false},"author":1,"featured_media":0,"parent":0,"menu_order":0,"comment_status":"closed","ping_status":"closed","template":"","meta":{"_acf_changed":false,"inline_featured_image":false,"_et_pb_use_builder":"on","_et_pb_old_content":"","_et_gb_content_width":"","footnotes":""},"class_list":["post-4320","page","type-page","status-publish","hentry"],"acf":[],"_links":{"self":[{"href":"https:\/\/divi5.styleinc.eu\/da\/wp-json\/wp\/v2\/pages\/4320","targetHints":{"allow":["GET"]}}],"collection":[{"href":"https:\/\/divi5.styleinc.eu\/da\/wp-json\/wp\/v2\/pages"}],"about":[{"href":"https:\/\/divi5.styleinc.eu\/da\/wp-json\/wp\/v2\/types\/page"}],"author":[{"embeddable":true,"href":"https:\/\/divi5.styleinc.eu\/da\/wp-json\/wp\/v2\/users\/1"}],"replies":[{"embeddable":true,"href":"https:\/\/divi5.styleinc.eu\/da\/wp-json\/wp\/v2\/comments?post=4320"}],"version-history":[{"count":10,"href":"https:\/\/divi5.styleinc.eu\/da\/wp-json\/wp\/v2\/pages\/4320\/revisions"}],"predecessor-version":[{"id":7481,"href":"https:\/\/divi5.styleinc.eu\/da\/wp-json\/wp\/v2\/pages\/4320\/revisions\/7481"}],"wp:attachment":[{"href":"https:\/\/divi5.styleinc.eu\/da\/wp-json\/wp\/v2\/media?parent=4320"}],"curies":[{"name":"wp","href":"https:\/\/api.w.org\/{rel}","templated":true}]}}